{"id":31778,"date":"2023-08-03T12:13:20","date_gmt":"2023-08-03T17:13:20","guid":{"rendered":"https:\/\/rct-tccr.ca\/list-of-representatives-french\/"},"modified":"2026-05-08T15:24:07","modified_gmt":"2026-05-08T20:24:07","slug":"liste-des-representantes","status":"publish","type":"page","link":"https:\/\/www.cfta-alec.ca\/fr\/contactez-nous\/liste-des-representantes","title":{"rendered":"Liste des repr\u00e9sentant(e)s"},"content":{"rendered":"<div id=\"cs-content\" class=\"cs-content\"><\/div>\n","protected":false},"excerpt":{"rendered":"<p>Repr\u00e9sentant(e)s \u00e0 la TCCRChaque Partie d\u00e9signe un repr\u00e9sentant, nomm\u00e9 par son premier ministre, pour si\u00e9ger \u00e0 la Table de conciliation et de coop\u00e9ration en mati\u00e8re de r\u00e9glementation (TCCR). La TCCR dirige les travaux visant \u00e0 concilier les mesures r\u00e9glementaires et \u00e0 coop\u00e9rer \u00e0 l\u2019\u00e9laboration de futures mesures r\u00e9glementaires.AlbertaJennifer JabsSous-ministre adjointe, Commerce Emploi, \u00c9conomie, Commerce et Immigration Courriel: jennifer.jabs@gov.ab.caColombie-BritanniqueRobert Musgrave Directeur &#8230; <a href=\"https:\/\/www.cfta-alec.ca\/fr\/contactez-nous\/liste-des-representantes\" class=\"more-link\">Read More<\/a><\/p>\n","protected":false},"author":1,"featured_media":0,"parent":271,"menu_order":0,"comment_status":"closed","ping_status":"closed","template":"template-blank-4.php","meta":{"_acf_changed":false,"footnotes":""},"class_list":["post-31778","page","type-page","status-publish","hentry","no-post-thumbnail"],"acf":[],"_links":{"self":[{"href":"https:\/\/www.cfta-alec.ca\/fr\/wp-json\/wp\/v2\/pages\/31778"}],"collection":[{"href":"https:\/\/www.cfta-alec.ca\/fr\/wp-json\/wp\/v2\/pages"}],"about":[{"href":"https:\/\/www.cfta-alec.ca\/fr\/wp-json\/wp\/v2\/types\/page"}],"author":[{"embeddable":true,"href":"https:\/\/www.cfta-alec.ca\/fr\/wp-json\/wp\/v2\/users\/1"}],"replies":[{"embeddable":true,"href":"https:\/\/www.cfta-alec.ca\/fr\/wp-json\/wp\/v2\/comments?post=31778"}],"version-history":[{"count":63,"href":"https:\/\/www.cfta-alec.ca\/fr\/wp-json\/wp\/v2\/pages\/31778\/revisions"}],"predecessor-version":[{"id":256315,"href":"https:\/\/www.cfta-alec.ca\/fr\/wp-json\/wp\/v2\/pages\/31778\/revisions\/256315"}],"up":[{"embeddable":true,"href":"https:\/\/www.cfta-alec.ca\/fr\/wp-json\/wp\/v2\/pages\/271"}],"wp:attachment":[{"href":"https:\/\/www.cfta-alec.ca\/fr\/wp-json\/wp\/v2\/media?parent=31778"}],"curies":[{"name":"wp","href":"https:\/\/api.w.org\/{rel}","templated":true}]}}