{"id":31715,"date":"2023-07-20T14:35:35","date_gmt":"2023-07-20T19:35:35","guid":{"rendered":"https:\/\/rct-tccr.ca\/home-fr\/"},"modified":"2026-04-07T09:14:19","modified_gmt":"2026-04-07T14:14:19","slug":"home-2","status":"publish","type":"page","link":"https:\/\/www.cfta-alec.ca\/fr","title":{"rendered":"Home (fr)"},"content":{"rendered":"<div id=\"cs-content\" class=\"cs-content\"><\/div>\n","protected":false},"excerpt":{"rendered":"<p>L\u2019Accord de libre-\u00e9change canadien L\u2019Accord de libre-\u00e9change canadien (ALEC) est un accord intergouvernemental commercial sign\u00e9 par les ministres canadiens et qui est entr\u00e9 en vigueur le 1er juillet 2017. Accord de libre-\u00e9change canadienFaire progresser le commerce int\u00e9rieurComit\u00e9 du commerce int\u00e9rieur Bilan de l&rsquo;ann\u00e9e 2025En savoir plusFaire progresser le commerce int\u00e9rieur2025 Accord canadien de reconnaissance mutuelle sur la vente de produits &#8230; <a href=\"https:\/\/www.cfta-alec.ca\/fr\" class=\"more-link\">Read More<\/a><\/p>\n","protected":false},"author":1,"featured_media":31814,"parent":0,"menu_order":0,"comment_status":"closed","ping_status":"closed","template":"template-blank-4.php","meta":{"_acf_changed":false,"footnotes":""},"class_list":["post-31715","page","type-page","status-publish","has-post-thumbnail","hentry"],"acf":[],"_links":{"self":[{"href":"https:\/\/www.cfta-alec.ca\/fr\/wp-json\/wp\/v2\/pages\/31715"}],"collection":[{"href":"https:\/\/www.cfta-alec.ca\/fr\/wp-json\/wp\/v2\/pages"}],"about":[{"href":"https:\/\/www.cfta-alec.ca\/fr\/wp-json\/wp\/v2\/types\/page"}],"author":[{"embeddable":true,"href":"https:\/\/www.cfta-alec.ca\/fr\/wp-json\/wp\/v2\/users\/1"}],"replies":[{"embeddable":true,"href":"https:\/\/www.cfta-alec.ca\/fr\/wp-json\/wp\/v2\/comments?post=31715"}],"version-history":[{"count":112,"href":"https:\/\/www.cfta-alec.ca\/fr\/wp-json\/wp\/v2\/pages\/31715\/revisions"}],"predecessor-version":[{"id":256107,"href":"https:\/\/www.cfta-alec.ca\/fr\/wp-json\/wp\/v2\/pages\/31715\/revisions\/256107"}],"wp:featuredmedia":[{"embeddable":true,"href":"https:\/\/www.cfta-alec.ca\/fr\/wp-json\/wp\/v2\/media\/31814"}],"wp:attachment":[{"href":"https:\/\/www.cfta-alec.ca\/fr\/wp-json\/wp\/v2\/media?parent=31715"}],"curies":[{"name":"wp","href":"https:\/\/api.w.org\/{rel}","templated":true}]}}