{"id":271,"date":"2023-07-19T11:08:35","date_gmt":"2023-07-19T16:08:35","guid":{"rendered":"https:\/\/rct-tccr.ca\/contact-fr\/"},"modified":"2025-02-14T17:12:26","modified_gmt":"2025-02-14T23:12:26","slug":"contactez-nous","status":"publish","type":"page","link":"https:\/\/www.cfta-alec.ca\/fr\/contactez-nous","title":{"rendered":"Contactez-nous"},"content":{"rendered":"<div id=\"cs-content\" class=\"cs-content\"><\/div>\n","protected":false},"excerpt":{"rendered":"<p>Contactez-nousComit\u00e9 du commerce int\u00e9rieurRepr\u00e9sentant(e)s du commerce int\u00e9rieurListe des Repr\u00e9sentant(e)s de la TCCRSecr\u00e9tariat du commerce int\u00e9rieurPartagez votre exp\u00e9rience !Renseignements g\u00e9n\u00e9raux Nom(Requis) Pr\u00e9nom Nom de famille T\u00e9l\u00e9phone(Requis)Courriel(Requis) Location(Requis)Please selectAlbertaBritish ColumbiaManitobaNew BrunswickNewfoundland and LabradorNova ScotiaOntarioPrince Edward IslandQu\u00e9becSaskatchewanNorth West TerritoriesNunavutYukonOutside of CanadaContact Type(Requis)Please selectAs an individualOn behalf of an organizationOrganization name(Requis)m\u00e9thode pr\u00e9f\u00e9r\u00e9e de contactAppel t\u00e9l\u00e9phoniqueCourrielDes textesQuestions \/ Commentaires<\/p>\n","protected":false},"author":1,"featured_media":0,"parent":0,"menu_order":0,"comment_status":"closed","ping_status":"closed","template":"template-blank-4.php","meta":{"_acf_changed":false,"footnotes":""},"class_list":["post-271","page","type-page","status-publish","hentry","no-post-thumbnail"],"acf":[],"_links":{"self":[{"href":"https:\/\/www.cfta-alec.ca\/fr\/wp-json\/wp\/v2\/pages\/271"}],"collection":[{"href":"https:\/\/www.cfta-alec.ca\/fr\/wp-json\/wp\/v2\/pages"}],"about":[{"href":"https:\/\/www.cfta-alec.ca\/fr\/wp-json\/wp\/v2\/types\/page"}],"author":[{"embeddable":true,"href":"https:\/\/www.cfta-alec.ca\/fr\/wp-json\/wp\/v2\/users\/1"}],"replies":[{"embeddable":true,"href":"https:\/\/www.cfta-alec.ca\/fr\/wp-json\/wp\/v2\/comments?post=271"}],"version-history":[{"count":11,"href":"https:\/\/www.cfta-alec.ca\/fr\/wp-json\/wp\/v2\/pages\/271\/revisions"}],"predecessor-version":[{"id":245807,"href":"https:\/\/www.cfta-alec.ca\/fr\/wp-json\/wp\/v2\/pages\/271\/revisions\/245807"}],"wp:attachment":[{"href":"https:\/\/www.cfta-alec.ca\/fr\/wp-json\/wp\/v2\/media?parent=271"}],"curies":[{"name":"wp","href":"https:\/\/api.w.org\/{rel}","templated":true}]}}