{"id":253246,"date":"2025-12-03T10:02:30","date_gmt":"2025-12-03T16:02:30","guid":{"rendered":"https:\/\/www.cfta-alec.ca\/other-agreements-french"},"modified":"2025-12-03T15:37:56","modified_gmt":"2025-12-03T21:37:56","slug":"other-agreements-french","status":"publish","type":"page","link":"https:\/\/www.cfta-alec.ca\/fr\/other-agreements-french","title":{"rendered":"Other Agreements (French)"},"content":{"rendered":"<div id=\"cs-content\" class=\"cs-content\"><\/div>\n","protected":false},"excerpt":{"rendered":"<p>Accord sur le commerce int\u00e9rieurDate d&rsquo;entr\u00e9e en vigueur: 18 f\u00e9vrier 2015 Parties: Alberta, Canada, Colombie-Britannique, \u00cele-du-Prince-\u00c9douard, Manitoba, Nouveau-Brunswick, Nouvelle-\u00c9cosse, Ontario, Quebec, Saskatchewan, Terre-Neuve-et-Labrador, Territoires du Nord-Ouest, Yukon L\u2019Accord sur le commerce int\u00e9rieur (ACI) \u00e9tait un accord intergouvernemental commercial sign\u00e9 par les premiers ministres canadiens et entr\u00e9 en vigueur le 1er juillet 1995. En 2017, l\u2019ACI a \u00e9t\u00e9 remplac\u00e9 par l\u2019Accord &#8230; <a href=\"https:\/\/www.cfta-alec.ca\/fr\/other-agreements-french\" class=\"more-link\">Read More<\/a><\/p>\n","protected":false},"author":799,"featured_media":0,"parent":0,"menu_order":0,"comment_status":"closed","ping_status":"closed","template":"template-blank-4.php","meta":{"_acf_changed":false,"footnotes":""},"class_list":["post-253246","page","type-page","status-publish","hentry","no-post-thumbnail"],"acf":[],"_links":{"self":[{"href":"https:\/\/www.cfta-alec.ca\/fr\/wp-json\/wp\/v2\/pages\/253246"}],"collection":[{"href":"https:\/\/www.cfta-alec.ca\/fr\/wp-json\/wp\/v2\/pages"}],"about":[{"href":"https:\/\/www.cfta-alec.ca\/fr\/wp-json\/wp\/v2\/types\/page"}],"author":[{"embeddable":true,"href":"https:\/\/www.cfta-alec.ca\/fr\/wp-json\/wp\/v2\/users\/799"}],"replies":[{"embeddable":true,"href":"https:\/\/www.cfta-alec.ca\/fr\/wp-json\/wp\/v2\/comments?post=253246"}],"version-history":[{"count":21,"href":"https:\/\/www.cfta-alec.ca\/fr\/wp-json\/wp\/v2\/pages\/253246\/revisions"}],"predecessor-version":[{"id":253278,"href":"https:\/\/www.cfta-alec.ca\/fr\/wp-json\/wp\/v2\/pages\/253246\/revisions\/253278"}],"wp:attachment":[{"href":"https:\/\/www.cfta-alec.ca\/fr\/wp-json\/wp\/v2\/media?parent=253246"}],"curies":[{"name":"wp","href":"https:\/\/api.w.org\/{rel}","templated":true}]}}