{"id":252815,"date":"2025-11-19T16:37:28","date_gmt":"2025-11-19T22:37:28","guid":{"rendered":"https:\/\/www.cfta-alec.ca\/?page_id=252815"},"modified":"2026-03-29T13:44:07","modified_gmt":"2026-03-29T18:44:07","slug":"acrm","status":"publish","type":"page","link":"https:\/\/www.cfta-alec.ca\/fr\/acrm","title":{"rendered":"Accord canadien de reconnaissance mutuelle sur la vente de produits"},"content":{"rendered":"<div id=\"cs-content\" class=\"cs-content\"><\/div>\n","protected":false},"excerpt":{"rendered":"<p>Accord canadien de reconnaissance mutuelle sur la vente de produitsAccord canadien de reconnaissance mutuelle sur la vente de produits (2025)Aper\u00e7u L\u2019accord canadien de reconnaissance mutuelle sur la vente de produits (ACRM) est un accord sans pr\u00e9c\u00e9dent n\u00e9goci\u00e9 entre les gouvernements, provinciaux et territoriaux. Il r\u00e9duit les obstacles \u00e0 la vente de produits dans tout le Canada en permettant qu\u2019un produit &#8230; <a href=\"https:\/\/www.cfta-alec.ca\/fr\/acrm\" class=\"more-link\">Read More<\/a><\/p>\n","protected":false},"author":654,"featured_media":0,"parent":0,"menu_order":0,"comment_status":"closed","ping_status":"closed","template":"template-blank-4.php","meta":{"_acf_changed":false,"footnotes":""},"class_list":["post-252815","page","type-page","status-publish","hentry","no-post-thumbnail"],"acf":[],"_links":{"self":[{"href":"https:\/\/www.cfta-alec.ca\/fr\/wp-json\/wp\/v2\/pages\/252815"}],"collection":[{"href":"https:\/\/www.cfta-alec.ca\/fr\/wp-json\/wp\/v2\/pages"}],"about":[{"href":"https:\/\/www.cfta-alec.ca\/fr\/wp-json\/wp\/v2\/types\/page"}],"author":[{"embeddable":true,"href":"https:\/\/www.cfta-alec.ca\/fr\/wp-json\/wp\/v2\/users\/654"}],"replies":[{"embeddable":true,"href":"https:\/\/www.cfta-alec.ca\/fr\/wp-json\/wp\/v2\/comments?post=252815"}],"version-history":[{"count":83,"href":"https:\/\/www.cfta-alec.ca\/fr\/wp-json\/wp\/v2\/pages\/252815\/revisions"}],"predecessor-version":[{"id":256000,"href":"https:\/\/www.cfta-alec.ca\/fr\/wp-json\/wp\/v2\/pages\/252815\/revisions\/256000"}],"wp:attachment":[{"href":"https:\/\/www.cfta-alec.ca\/fr\/wp-json\/wp\/v2\/media?parent=252815"}],"curies":[{"name":"wp","href":"https:\/\/api.w.org\/{rel}","templated":true}]}}