{"id":245487,"date":"2025-01-28T21:47:45","date_gmt":"2025-01-29T03:47:45","guid":{"rendered":"https:\/\/www.cfta-alec.ca\/?page_id=245487"},"modified":"2025-01-28T21:47:47","modified_gmt":"2025-01-29T03:47:47","slug":"paci","status":"publish","type":"page","link":"https:\/\/www.cfta-alec.ca\/fr\/paci","title":{"rendered":"Plan d&rsquo;action sur le commerce int\u00e9rieur"},"content":{"rendered":"<div id=\"cs-content\" class=\"cs-content\"><\/div>\n","protected":false},"excerpt":{"rendered":"<p>Plan d&rsquo;action sur le commerce int\u00e9rieur (PACI) 2024-2027Faire progresser le commerce int\u00e9rieurVision strat\u00e9gique L\u2019Accord de libre-\u00e9change canadien (ALEC) vise \u00e0 r\u00e9duire et \u00e0 \u00e9liminer, autant que possible, les obstacles \u00e0 la libre circulation des personnes, des biens, des services et des investissements \u00e0 l\u2019\u00e9chelle du Canada. Le Plan d\u2019action sur le commerce int\u00e9rieur (PACI) 2024-2027, qui s\u2019appuie sur la base &#8230; <a href=\"https:\/\/www.cfta-alec.ca\/fr\/paci\" class=\"more-link\">Read More<\/a><\/p>\n","protected":false},"author":4,"featured_media":0,"parent":0,"menu_order":0,"comment_status":"closed","ping_status":"closed","template":"template-blank-4.php","meta":{"_acf_changed":false,"footnotes":""},"class_list":["post-245487","page","type-page","status-publish","hentry","no-post-thumbnail"],"acf":[],"_links":{"self":[{"href":"https:\/\/www.cfta-alec.ca\/fr\/wp-json\/wp\/v2\/pages\/245487"}],"collection":[{"href":"https:\/\/www.cfta-alec.ca\/fr\/wp-json\/wp\/v2\/pages"}],"about":[{"href":"https:\/\/www.cfta-alec.ca\/fr\/wp-json\/wp\/v2\/types\/page"}],"author":[{"embeddable":true,"href":"https:\/\/www.cfta-alec.ca\/fr\/wp-json\/wp\/v2\/users\/4"}],"replies":[{"embeddable":true,"href":"https:\/\/www.cfta-alec.ca\/fr\/wp-json\/wp\/v2\/comments?post=245487"}],"version-history":[{"count":4,"href":"https:\/\/www.cfta-alec.ca\/fr\/wp-json\/wp\/v2\/pages\/245487\/revisions"}],"predecessor-version":[{"id":245492,"href":"https:\/\/www.cfta-alec.ca\/fr\/wp-json\/wp\/v2\/pages\/245487\/revisions\/245492"}],"wp:attachment":[{"href":"https:\/\/www.cfta-alec.ca\/fr\/wp-json\/wp\/v2\/media?parent=245487"}],"curies":[{"name":"wp","href":"https:\/\/api.w.org\/{rel}","templated":true}]}}