{"id":239748,"date":"2024-09-23T10:35:28","date_gmt":"2024-09-23T15:35:28","guid":{"rendered":"https:\/\/www.cfta-alec.ca\/terms-of-use-french"},"modified":"2024-09-23T10:49:24","modified_gmt":"2024-09-23T15:49:24","slug":"modalites-dutilisation","status":"publish","type":"page","link":"https:\/\/www.cfta-alec.ca\/fr\/modalites-dutilisation","title":{"rendered":"Modalit\u00e9s d&rsquo;utilisation"},"content":{"rendered":"<div id=\"cs-content\" class=\"cs-content\"><\/div>\n","protected":false},"excerpt":{"rendered":"<p>Corporation du Secr\u00e9tariat du Commerce Int\u00e9rieur Modalit\u00e9s d&rsquo;utilisationDernier mise \u00e0 jour: le 23 septembre 2024CORPORATION DU SECR\u00c9TARIAT DU COMMERCE INT\u00c9RIEUR MODALIT\u00c9S D\u2019UTILISATION Derni\u00e8re r\u00e9vision : le 12 septembre 2024 La pr\u00e9sente convention relative aux modalit\u00e9s d\u2019utilisation (la pr\u00e9sente \u00ab\u00a0convention\u00a0\u00bb) r\u00e9git l\u2019acc\u00e8s au site Web situ\u00e9 \u00e0 l\u2019adresse https:\/\/www.cfta-alec.ca\/fr\/ (le \u00ab\u00a0site Web\u00a0\u00bb), ainsi qu\u2019aux services et aux applications mis \u00e0 disposition &#8230; <a href=\"https:\/\/www.cfta-alec.ca\/fr\/modalites-dutilisation\" class=\"more-link\">Read More<\/a><\/p>\n","protected":false},"author":654,"featured_media":0,"parent":0,"menu_order":0,"comment_status":"closed","ping_status":"closed","template":"template-blank-4.php","meta":{"_acf_changed":false,"footnotes":""},"class_list":["post-239748","page","type-page","status-publish","hentry","no-post-thumbnail"],"acf":[],"_links":{"self":[{"href":"https:\/\/www.cfta-alec.ca\/fr\/wp-json\/wp\/v2\/pages\/239748"}],"collection":[{"href":"https:\/\/www.cfta-alec.ca\/fr\/wp-json\/wp\/v2\/pages"}],"about":[{"href":"https:\/\/www.cfta-alec.ca\/fr\/wp-json\/wp\/v2\/types\/page"}],"author":[{"embeddable":true,"href":"https:\/\/www.cfta-alec.ca\/fr\/wp-json\/wp\/v2\/users\/654"}],"replies":[{"embeddable":true,"href":"https:\/\/www.cfta-alec.ca\/fr\/wp-json\/wp\/v2\/comments?post=239748"}],"version-history":[{"count":5,"href":"https:\/\/www.cfta-alec.ca\/fr\/wp-json\/wp\/v2\/pages\/239748\/revisions"}],"predecessor-version":[{"id":239755,"href":"https:\/\/www.cfta-alec.ca\/fr\/wp-json\/wp\/v2\/pages\/239748\/revisions\/239755"}],"wp:attachment":[{"href":"https:\/\/www.cfta-alec.ca\/fr\/wp-json\/wp\/v2\/media?parent=239748"}],"curies":[{"name":"wp","href":"https:\/\/api.w.org\/{rel}","templated":true}]}}