{"id":239389,"date":"2024-08-09T10:23:34","date_gmt":"2024-08-09T15:23:34","guid":{"rendered":"https:\/\/www.cfta-alec.ca\/share-your-concern-french"},"modified":"2024-10-31T15:56:08","modified_gmt":"2024-10-31T20:56:08","slug":"faites-nous-part-de-vos-preoccupations","status":"publish","type":"page","link":"https:\/\/www.cfta-alec.ca\/fr\/partagez-votre-experience\/faites-nous-part-de-vos-preoccupations","title":{"rendered":"Faites-nous part de vos pr\u00e9occupations"},"content":{"rendered":"<div id=\"cs-content\" class=\"cs-content\"><\/div>\n","protected":false},"excerpt":{"rendered":"<p>Faites-nous part de vos pr&eacute;occupationsFaites-nous part de tout obstacle qui vous emp&ecirc;che de faire des affaires ou de travailler dans d&rsquo;autres provinces ou territoires.En savoir plus au sujet de la TCCRLorsque l\u2019ALEC a \u00e9t\u00e9 sign\u00e9e en 2017, les 14 gouvernements f\u00e9d\u00e9ral, provinciaux et territoriaux ont reconnu l\u2019importance d\u2019avoir un forum permanent dans le cadre de l\u2019ALEC pour discuter des diff\u00e9rences &#8230; <a href=\"https:\/\/www.cfta-alec.ca\/fr\/partagez-votre-experience\/faites-nous-part-de-vos-preoccupations\" class=\"more-link\">Read More<\/a><\/p>\n","protected":false},"author":1,"featured_media":0,"parent":239372,"menu_order":0,"comment_status":"closed","ping_status":"closed","template":"template-blank-4.php","meta":{"_acf_changed":false,"footnotes":""},"class_list":["post-239389","page","type-page","status-publish","hentry","no-post-thumbnail"],"acf":[],"_links":{"self":[{"href":"https:\/\/www.cfta-alec.ca\/fr\/wp-json\/wp\/v2\/pages\/239389"}],"collection":[{"href":"https:\/\/www.cfta-alec.ca\/fr\/wp-json\/wp\/v2\/pages"}],"about":[{"href":"https:\/\/www.cfta-alec.ca\/fr\/wp-json\/wp\/v2\/types\/page"}],"author":[{"embeddable":true,"href":"https:\/\/www.cfta-alec.ca\/fr\/wp-json\/wp\/v2\/users\/1"}],"replies":[{"embeddable":true,"href":"https:\/\/www.cfta-alec.ca\/fr\/wp-json\/wp\/v2\/comments?post=239389"}],"version-history":[{"count":9,"href":"https:\/\/www.cfta-alec.ca\/fr\/wp-json\/wp\/v2\/pages\/239389\/revisions"}],"predecessor-version":[{"id":239531,"href":"https:\/\/www.cfta-alec.ca\/fr\/wp-json\/wp\/v2\/pages\/239389\/revisions\/239531"}],"up":[{"embeddable":true,"href":"https:\/\/www.cfta-alec.ca\/fr\/wp-json\/wp\/v2\/pages\/239372"}],"wp:attachment":[{"href":"https:\/\/www.cfta-alec.ca\/fr\/wp-json\/wp\/v2\/media?parent=239389"}],"curies":[{"name":"wp","href":"https:\/\/api.w.org\/{rel}","templated":true}]}}