{"id":239381,"date":"2024-08-09T10:13:39","date_gmt":"2024-08-09T15:13:39","guid":{"rendered":"https:\/\/www.cfta-alec.ca\/share-your-success-french"},"modified":"2024-08-27T11:40:26","modified_gmt":"2024-08-27T16:40:26","slug":"faites-nous-part-de-vos-reussites","status":"publish","type":"page","link":"https:\/\/www.cfta-alec.ca\/fr\/partagez-votre-experience\/faites-nous-part-de-vos-reussites","title":{"rendered":"Faites-nous part de vos r\u00e9ussites"},"content":{"rendered":"<div id=\"cs-content\" class=\"cs-content\"><\/div>\n","protected":false},"excerpt":{"rendered":"<p>Faites-nous part de vos r&eacute;ussitesParlez-nous de votre ou vos exp&eacute;riences positives en faisant des affaires ou en travaillant dans une autre province ou un autre territoire.Partager avec des repr&eacute;sentant(e)s du commerce int&eacute;rieur Parlez-nous de vos exp\u00e9riences positives relatives \u00e0 la conduite des affaires ou au travail dans une autre province ou un autre territoire.Histoires de r\u00e9ussiteConsentement Je consens par la &#8230; <a href=\"https:\/\/www.cfta-alec.ca\/fr\/partagez-votre-experience\/faites-nous-part-de-vos-reussites\" class=\"more-link\">Read More<\/a><\/p>\n","protected":false},"author":1,"featured_media":0,"parent":239372,"menu_order":0,"comment_status":"closed","ping_status":"closed","template":"template-blank-4.php","meta":{"_acf_changed":false,"footnotes":""},"class_list":["post-239381","page","type-page","status-publish","hentry","no-post-thumbnail"],"acf":[],"_links":{"self":[{"href":"https:\/\/www.cfta-alec.ca\/fr\/wp-json\/wp\/v2\/pages\/239381"}],"collection":[{"href":"https:\/\/www.cfta-alec.ca\/fr\/wp-json\/wp\/v2\/pages"}],"about":[{"href":"https:\/\/www.cfta-alec.ca\/fr\/wp-json\/wp\/v2\/types\/page"}],"author":[{"embeddable":true,"href":"https:\/\/www.cfta-alec.ca\/fr\/wp-json\/wp\/v2\/users\/1"}],"replies":[{"embeddable":true,"href":"https:\/\/www.cfta-alec.ca\/fr\/wp-json\/wp\/v2\/comments?post=239381"}],"version-history":[{"count":6,"href":"https:\/\/www.cfta-alec.ca\/fr\/wp-json\/wp\/v2\/pages\/239381\/revisions"}],"predecessor-version":[{"id":239508,"href":"https:\/\/www.cfta-alec.ca\/fr\/wp-json\/wp\/v2\/pages\/239381\/revisions\/239508"}],"up":[{"embeddable":true,"href":"https:\/\/www.cfta-alec.ca\/fr\/wp-json\/wp\/v2\/pages\/239372"}],"wp:attachment":[{"href":"https:\/\/www.cfta-alec.ca\/fr\/wp-json\/wp\/v2\/media?parent=239381"}],"curies":[{"name":"wp","href":"https:\/\/api.w.org\/{rel}","templated":true}]}}