{"id":239106,"date":"2024-06-06T09:02:59","date_gmt":"2024-06-06T14:02:59","guid":{"rendered":"https:\/\/www.cfta-alec.ca\/canadian-free-trade-agreement-french"},"modified":"2026-04-07T09:14:41","modified_gmt":"2026-04-07T14:14:41","slug":"laccord-de-libre-echange-canadien","status":"publish","type":"page","link":"https:\/\/www.cfta-alec.ca\/fr\/laccord-de-libre-echange-canadien","title":{"rendered":"L&rsquo;Accord de libre-\u00e9change canadien"},"content":{"rendered":"<div id=\"cs-content\" class=\"cs-content\"><\/div>\n","protected":false},"excerpt":{"rendered":"<p>L&rsquo;Accord de libre-\u00e9change canadienLire l&rsquo;accordT\u00e9l\u00e9charger l&rsquo;accord (29 mars 2026)Protocoles de modifications Premier protocole de modification \u2013 10 d\u00e9cembre 2019 Deuxi\u00e8me protocole de modification \u2013 16 janvier 2024 Troisi\u00e8me protocole de modification &#8211; 29 mars 2026 Notes interpr\u00e9tatives Note interpr\u00e9tative no\u00a01 \u2013 Interpr\u00e9tation de l\u2019Annexe 309 et du chapitre neuf (18 septembre 2020) Aper\u00e7u de l&rsquo;Accord de libre-\u00e9change canadien En d\u00e9cembre &#8230; <a href=\"https:\/\/www.cfta-alec.ca\/fr\/laccord-de-libre-echange-canadien\" class=\"more-link\">Read More<\/a><\/p>\n","protected":false},"author":1,"featured_media":0,"parent":0,"menu_order":0,"comment_status":"closed","ping_status":"closed","template":"template-blank-4.php","meta":{"_acf_changed":false,"footnotes":""},"class_list":["post-239106","page","type-page","status-publish","hentry","no-post-thumbnail"],"acf":[],"_links":{"self":[{"href":"https:\/\/www.cfta-alec.ca\/fr\/wp-json\/wp\/v2\/pages\/239106"}],"collection":[{"href":"https:\/\/www.cfta-alec.ca\/fr\/wp-json\/wp\/v2\/pages"}],"about":[{"href":"https:\/\/www.cfta-alec.ca\/fr\/wp-json\/wp\/v2\/types\/page"}],"author":[{"embeddable":true,"href":"https:\/\/www.cfta-alec.ca\/fr\/wp-json\/wp\/v2\/users\/1"}],"replies":[{"embeddable":true,"href":"https:\/\/www.cfta-alec.ca\/fr\/wp-json\/wp\/v2\/comments?post=239106"}],"version-history":[{"count":24,"href":"https:\/\/www.cfta-alec.ca\/fr\/wp-json\/wp\/v2\/pages\/239106\/revisions"}],"predecessor-version":[{"id":256109,"href":"https:\/\/www.cfta-alec.ca\/fr\/wp-json\/wp\/v2\/pages\/239106\/revisions\/256109"}],"wp:attachment":[{"href":"https:\/\/www.cfta-alec.ca\/fr\/wp-json\/wp\/v2\/media?parent=239106"}],"curies":[{"name":"wp","href":"https:\/\/api.w.org\/{rel}","templated":true}]}}