{"id":238417,"date":"2024-04-03T14:13:20","date_gmt":"2024-04-03T19:13:20","guid":{"rendered":"https:\/\/www.cfta-alec.ca\/regulatory-reconciliation-cooperation-french\/"},"modified":"2024-06-17T13:20:20","modified_gmt":"2024-06-17T18:20:20","slug":"regulatory-reconciliation-cooperation-2","status":"publish","type":"page","link":"https:\/\/www.cfta-alec.ca\/fr\/regulatory-reconciliation-cooperation-2","title":{"rendered":"Table De Concilation Et De Coop\u00e9ration En Mati\u00e8re De R\u00e9glementation"},"content":{"rendered":"<div id=\"cs-content\" class=\"cs-content\"><\/div>\n","protected":false},"excerpt":{"rendered":"<p>TCCR Table De Concilation Et De Coop&eacute;ration En Mati&egrave;re De R&eacute;glementationL&rsquo;Accord de libre-&eacute;change canadien &eacute;tablit un processus de conciliation r&eacute;glementaire qui aidera &agrave; &eacute;liminer les obstacles au commerce auxquels les entreprises peuvent faire face au moment de faire des affaires entre les provinces et les territoires. Pour obtenir des renseignements sur la TCCR, veuillez consulter : Site web de la &#8230; <a href=\"https:\/\/www.cfta-alec.ca\/fr\/regulatory-reconciliation-cooperation-2\" class=\"more-link\">Read More<\/a><\/p>\n","protected":false},"author":1,"featured_media":0,"parent":0,"menu_order":0,"comment_status":"closed","ping_status":"closed","template":"template-blank-4.php","meta":{"_acf_changed":false,"footnotes":""},"class_list":["post-238417","page","type-page","status-publish","hentry","no-post-thumbnail"],"acf":[],"_links":{"self":[{"href":"https:\/\/www.cfta-alec.ca\/fr\/wp-json\/wp\/v2\/pages\/238417"}],"collection":[{"href":"https:\/\/www.cfta-alec.ca\/fr\/wp-json\/wp\/v2\/pages"}],"about":[{"href":"https:\/\/www.cfta-alec.ca\/fr\/wp-json\/wp\/v2\/types\/page"}],"author":[{"embeddable":true,"href":"https:\/\/www.cfta-alec.ca\/fr\/wp-json\/wp\/v2\/users\/1"}],"replies":[{"embeddable":true,"href":"https:\/\/www.cfta-alec.ca\/fr\/wp-json\/wp\/v2\/comments?post=238417"}],"version-history":[{"count":5,"href":"https:\/\/www.cfta-alec.ca\/fr\/wp-json\/wp\/v2\/pages\/238417\/revisions"}],"predecessor-version":[{"id":238422,"href":"https:\/\/www.cfta-alec.ca\/fr\/wp-json\/wp\/v2\/pages\/238417\/revisions\/238422"}],"wp:attachment":[{"href":"https:\/\/www.cfta-alec.ca\/fr\/wp-json\/wp\/v2\/media?parent=238417"}],"curies":[{"name":"wp","href":"https:\/\/api.w.org\/{rel}","templated":true}]}}