{"id":238400,"date":"2024-04-03T13:21:33","date_gmt":"2024-04-03T18:21:33","guid":{"rendered":"https:\/\/www.cfta-alec.ca\/privacy-policy-french\/"},"modified":"2024-09-23T10:43:34","modified_gmt":"2024-09-23T15:43:34","slug":"declaration-de-confidentialite","status":"publish","type":"page","link":"https:\/\/www.cfta-alec.ca\/fr\/declaration-de-confidentialite","title":{"rendered":"D\u00e9claration de confidentialit\u00e9"},"content":{"rendered":"<div id=\"cs-content\" class=\"cs-content\"><\/div>\n","protected":false},"excerpt":{"rendered":"<p>D&eacute;claration de confidentialit&eacute;Derni\u00e8re mise \u00e0 jour : le 23 septembre 2024CORPORATION DU SECR\u00c9TARIAT DU COMMERCE INT\u00c9RIEUR POLITIQUE DE CONFIDENTIALIT\u00c9 Derni\u00e8re r\u00e9vision : le 12 septembre 2024 Dans la pr\u00e9sente politique de confidentialit\u00e9, \u00ab\u00a0CSCI\u00a0\u00bb, \u00ab\u00a0nous\u00a0\u00bb, \u00ab\u00a0notre\u00a0\u00bb et \u00ab\u00a0nos\u00a0\u00bb d\u00e9signe la Corporation du Secr\u00e9tariat du commerce int\u00e9rieur, et \u00ab\u00a0vous\u00a0\u00bb signifie (et \u00ab\u00a0votre\u00a0\u00bb d\u00e9signe) toute personne qui nous fournit des renseignements personnels, ainsi &#8230; <a href=\"https:\/\/www.cfta-alec.ca\/fr\/declaration-de-confidentialite\" class=\"more-link\">Read More<\/a><\/p>\n","protected":false},"author":1,"featured_media":0,"parent":0,"menu_order":0,"comment_status":"closed","ping_status":"closed","template":"template-blank-4.php","meta":{"_acf_changed":false,"footnotes":""},"class_list":["post-238400","page","type-page","status-publish","hentry","no-post-thumbnail"],"acf":[],"_links":{"self":[{"href":"https:\/\/www.cfta-alec.ca\/fr\/wp-json\/wp\/v2\/pages\/238400"}],"collection":[{"href":"https:\/\/www.cfta-alec.ca\/fr\/wp-json\/wp\/v2\/pages"}],"about":[{"href":"https:\/\/www.cfta-alec.ca\/fr\/wp-json\/wp\/v2\/types\/page"}],"author":[{"embeddable":true,"href":"https:\/\/www.cfta-alec.ca\/fr\/wp-json\/wp\/v2\/users\/1"}],"replies":[{"embeddable":true,"href":"https:\/\/www.cfta-alec.ca\/fr\/wp-json\/wp\/v2\/comments?post=238400"}],"version-history":[{"count":8,"href":"https:\/\/www.cfta-alec.ca\/fr\/wp-json\/wp\/v2\/pages\/238400\/revisions"}],"predecessor-version":[{"id":239753,"href":"https:\/\/www.cfta-alec.ca\/fr\/wp-json\/wp\/v2\/pages\/238400\/revisions\/239753"}],"wp:attachment":[{"href":"https:\/\/www.cfta-alec.ca\/fr\/wp-json\/wp\/v2\/media?parent=238400"}],"curies":[{"name":"wp","href":"https:\/\/api.w.org\/{rel}","templated":true}]}}