{"id":238394,"date":"2024-04-03T13:06:39","date_gmt":"2024-04-03T18:06:39","guid":{"rendered":"https:\/\/www.cfta-alec.ca\/internal-trade-secretariat-french\/"},"modified":"2026-01-31T16:39:00","modified_gmt":"2026-01-31T22:39:00","slug":"secretariat-du-commerce-interieur","status":"publish","type":"page","link":"https:\/\/www.cfta-alec.ca\/fr\/contactez-nous\/secretariat-du-commerce-interieur","title":{"rendered":"Secr\u00e9tariat du Commerce Int\u00e9rieur"},"content":{"rendered":"<div id=\"cs-content\" class=\"cs-content\"><\/div>\n","protected":false},"excerpt":{"rendered":"<p>Secr&eacute;tariat du commerce int&eacute;rieurLe Secr\u00e9tariat du commerce int\u00e9rieur fournit un soutien administratif et op\u00e9rationnel au fonctionnement de l&rsquo;Accord de libre-\u00e9change canadien.Secr&eacute;tariat du commerce int&eacute;rieur200\u2013 93, avenue Lombard Winnipeg (Manitoba) R3B 3B1 T\u00e9l\u00e9copieur : 204-942-8460 Courriel :\u00a0secretariat@its-sci.caPat Fortier Directeur g\u00e9n\u00e9ral T\u00e9l\u00e9phone : (204) 987-8092 Courriel :\u00a0pfortier@its-sci.ca Matthew Carvell Agent principal en commerce int\u00e9rieur T\u00e9l\u00e9phone : (204) 987-8094 Courriel :\u00a0mcarvell@its-sci.ca Andr\u00e9e Dupont &#8230; <a href=\"https:\/\/www.cfta-alec.ca\/fr\/contactez-nous\/secretariat-du-commerce-interieur\" class=\"more-link\">Read More<\/a><\/p>\n","protected":false},"author":1,"featured_media":0,"parent":271,"menu_order":0,"comment_status":"closed","ping_status":"closed","template":"template-blank-4.php","meta":{"_acf_changed":false,"footnotes":""},"class_list":["post-238394","page","type-page","status-publish","hentry","no-post-thumbnail"],"acf":[],"_links":{"self":[{"href":"https:\/\/www.cfta-alec.ca\/fr\/wp-json\/wp\/v2\/pages\/238394"}],"collection":[{"href":"https:\/\/www.cfta-alec.ca\/fr\/wp-json\/wp\/v2\/pages"}],"about":[{"href":"https:\/\/www.cfta-alec.ca\/fr\/wp-json\/wp\/v2\/types\/page"}],"author":[{"embeddable":true,"href":"https:\/\/www.cfta-alec.ca\/fr\/wp-json\/wp\/v2\/users\/1"}],"replies":[{"embeddable":true,"href":"https:\/\/www.cfta-alec.ca\/fr\/wp-json\/wp\/v2\/comments?post=238394"}],"version-history":[{"count":15,"href":"https:\/\/www.cfta-alec.ca\/fr\/wp-json\/wp\/v2\/pages\/238394\/revisions"}],"predecessor-version":[{"id":254709,"href":"https:\/\/www.cfta-alec.ca\/fr\/wp-json\/wp\/v2\/pages\/238394\/revisions\/254709"}],"up":[{"embeddable":true,"href":"https:\/\/www.cfta-alec.ca\/fr\/wp-json\/wp\/v2\/pages\/271"}],"wp:attachment":[{"href":"https:\/\/www.cfta-alec.ca\/fr\/wp-json\/wp\/v2\/media?parent=238394"}],"curies":[{"name":"wp","href":"https:\/\/api.w.org\/{rel}","templated":true}]}}