{"id":238389,"date":"2024-04-03T12:15:32","date_gmt":"2024-04-03T17:15:32","guid":{"rendered":"https:\/\/www.cfta-alec.ca\/internal-trade-representatives-french\/"},"modified":"2026-01-27T16:02:25","modified_gmt":"2026-01-27T22:02:25","slug":"representantes-du-commerce-interieur","status":"publish","type":"page","link":"https:\/\/www.cfta-alec.ca\/fr\/contactez-nous\/representantes-du-commerce-interieur","title":{"rendered":"Repr\u00e9sentant(e)s du commerce int\u00e9rieur"},"content":{"rendered":"<div id=\"cs-content\" class=\"cs-content\"><\/div>\n","protected":false},"excerpt":{"rendered":"<p>Repr&eacute;sentant(e)s du commerce int&eacute;rieurLes repr\u00e9sentant(e)s du commerce int\u00e9rieur (RCI) sont des fonctionnaires nomm\u00e9s par chaque Partie \u00e0 l\u2019ALEC. Ils se r\u00e9unissent r\u00e9guli\u00e8rement \u00e0 la table des RCI et dans le cadre de divers comit\u00e9s et groupes de travail afin de mener les travaux relatifs \u00e0 la mise en \u0153uvre de l\u2019ALEC. Pour toute question concernant l\u2019interpr\u00e9tation de l\u2019ALEC, veuillez contacter &#8230; <a href=\"https:\/\/www.cfta-alec.ca\/fr\/contactez-nous\/representantes-du-commerce-interieur\" class=\"more-link\">Read More<\/a><\/p>\n","protected":false},"author":1,"featured_media":0,"parent":271,"menu_order":0,"comment_status":"closed","ping_status":"closed","template":"template-blank-4.php","meta":{"_acf_changed":false,"footnotes":""},"class_list":["post-238389","page","type-page","status-publish","hentry","no-post-thumbnail"],"acf":[],"_links":{"self":[{"href":"https:\/\/www.cfta-alec.ca\/fr\/wp-json\/wp\/v2\/pages\/238389"}],"collection":[{"href":"https:\/\/www.cfta-alec.ca\/fr\/wp-json\/wp\/v2\/pages"}],"about":[{"href":"https:\/\/www.cfta-alec.ca\/fr\/wp-json\/wp\/v2\/types\/page"}],"author":[{"embeddable":true,"href":"https:\/\/www.cfta-alec.ca\/fr\/wp-json\/wp\/v2\/users\/1"}],"replies":[{"embeddable":true,"href":"https:\/\/www.cfta-alec.ca\/fr\/wp-json\/wp\/v2\/comments?post=238389"}],"version-history":[{"count":33,"href":"https:\/\/www.cfta-alec.ca\/fr\/wp-json\/wp\/v2\/pages\/238389\/revisions"}],"predecessor-version":[{"id":254625,"href":"https:\/\/www.cfta-alec.ca\/fr\/wp-json\/wp\/v2\/pages\/238389\/revisions\/254625"}],"up":[{"embeddable":true,"href":"https:\/\/www.cfta-alec.ca\/fr\/wp-json\/wp\/v2\/pages\/271"}],"wp:attachment":[{"href":"https:\/\/www.cfta-alec.ca\/fr\/wp-json\/wp\/v2\/media?parent=238389"}],"curies":[{"name":"wp","href":"https:\/\/api.w.org\/{rel}","templated":true}]}}