{"id":238314,"date":"2024-04-03T10:54:44","date_gmt":"2024-04-03T15:54:44","guid":{"rendered":"https:\/\/www.cfta-alec.ca\/ait-dispute-resolution-archive-french\/"},"modified":"2025-03-03T09:54:56","modified_gmt":"2025-03-03T15:54:56","slug":"ait-dispute-resolution-archive-2","status":"publish","type":"page","link":"https:\/\/www.cfta-alec.ca\/fr\/dispute-resolution-2\/ait-dispute-resolution-archive-2","title":{"rendered":"AIT Dispute Resolution Archive (French)"},"content":{"rendered":"<div id=\"cs-content\" class=\"cs-content\"><\/div>\n","protected":false},"excerpt":{"rendered":"<p>R&egrave;glement des diff&eacute;rendsLorem ipsum dolor sit amet, consectetur adipiscing elit, sed do eiusmod tempor incididunt ut labore et dolore magna aliqua. Rapports des groupes sp\u00e9ciaux Rapport sur la conformit\u00e9 de la d\u00e9cision du groupe sp\u00e9cial constitu\u00e9 en vertu de l\u2019article 1716 concernant le diff\u00e9rend entre Artisan Ales Consulting Inc. et l\u2019Alberta relativement aux majorations du prix de la bi\u00e8re (2019) &#8230; <a href=\"https:\/\/www.cfta-alec.ca\/fr\/dispute-resolution-2\/ait-dispute-resolution-archive-2\" class=\"more-link\">Read More<\/a><\/p>\n","protected":false},"author":1,"featured_media":0,"parent":238290,"menu_order":0,"comment_status":"closed","ping_status":"closed","template":"template-blank-4.php","meta":{"_acf_changed":false,"footnotes":""},"class_list":["post-238314","page","type-page","status-publish","hentry","no-post-thumbnail"],"acf":[],"_links":{"self":[{"href":"https:\/\/www.cfta-alec.ca\/fr\/wp-json\/wp\/v2\/pages\/238314"}],"collection":[{"href":"https:\/\/www.cfta-alec.ca\/fr\/wp-json\/wp\/v2\/pages"}],"about":[{"href":"https:\/\/www.cfta-alec.ca\/fr\/wp-json\/wp\/v2\/types\/page"}],"author":[{"embeddable":true,"href":"https:\/\/www.cfta-alec.ca\/fr\/wp-json\/wp\/v2\/users\/1"}],"replies":[{"embeddable":true,"href":"https:\/\/www.cfta-alec.ca\/fr\/wp-json\/wp\/v2\/comments?post=238314"}],"version-history":[{"count":8,"href":"https:\/\/www.cfta-alec.ca\/fr\/wp-json\/wp\/v2\/pages\/238314\/revisions"}],"predecessor-version":[{"id":239152,"href":"https:\/\/www.cfta-alec.ca\/fr\/wp-json\/wp\/v2\/pages\/238314\/revisions\/239152"}],"up":[{"embeddable":true,"href":"https:\/\/www.cfta-alec.ca\/fr\/wp-json\/wp\/v2\/pages\/238290"}],"wp:attachment":[{"href":"https:\/\/www.cfta-alec.ca\/fr\/wp-json\/wp\/v2\/media?parent=238314"}],"curies":[{"name":"wp","href":"https:\/\/api.w.org\/{rel}","templated":true}]}}