{"id":238290,"date":"2024-04-03T10:16:49","date_gmt":"2024-04-03T15:16:49","guid":{"rendered":"https:\/\/www.cfta-alec.ca\/dispute-resolution-french\/"},"modified":"2026-04-10T12:35:29","modified_gmt":"2026-04-10T17:35:29","slug":"dispute-resolution-2","status":"publish","type":"page","link":"https:\/\/www.cfta-alec.ca\/fr\/dispute-resolution-2","title":{"rendered":"R\u00e8glement des diff\u00e9rends"},"content":{"rendered":"<div id=\"cs-content\" class=\"cs-content\"><\/div>\n","protected":false},"excerpt":{"rendered":"<p>R&egrave;glement des diff&eacute;rendsUne partie int\u00e9grante de l\u2019Accord est son m\u00e9canisme de r\u00e8glement des diff\u00e9rends au moyen duquel les Parties s\u2019engagent \u00e0 r\u00e9gler leurs diff\u00e9rends dans un esprit de conciliation, de coop\u00e9ration et d\u2019harmonie. Par cons\u00e9quent, l\u2019Accord du libre-\u00e9change canadien (ALEC) pr\u00e9voit des \u00e9tapes progressives dans le cadre de ses m\u00e9canismes de pr\u00e9vention et de r\u00e8glement des diff\u00e9rends en vertu du &#8230; <a href=\"https:\/\/www.cfta-alec.ca\/fr\/dispute-resolution-2\" class=\"more-link\">Read More<\/a><\/p>\n","protected":false},"author":1,"featured_media":0,"parent":0,"menu_order":0,"comment_status":"closed","ping_status":"closed","template":"template-blank-4.php","meta":{"_acf_changed":false,"footnotes":""},"class_list":["post-238290","page","type-page","status-publish","hentry","no-post-thumbnail"],"acf":[],"_links":{"self":[{"href":"https:\/\/www.cfta-alec.ca\/fr\/wp-json\/wp\/v2\/pages\/238290"}],"collection":[{"href":"https:\/\/www.cfta-alec.ca\/fr\/wp-json\/wp\/v2\/pages"}],"about":[{"href":"https:\/\/www.cfta-alec.ca\/fr\/wp-json\/wp\/v2\/types\/page"}],"author":[{"embeddable":true,"href":"https:\/\/www.cfta-alec.ca\/fr\/wp-json\/wp\/v2\/users\/1"}],"replies":[{"embeddable":true,"href":"https:\/\/www.cfta-alec.ca\/fr\/wp-json\/wp\/v2\/comments?post=238290"}],"version-history":[{"count":25,"href":"https:\/\/www.cfta-alec.ca\/fr\/wp-json\/wp\/v2\/pages\/238290\/revisions"}],"predecessor-version":[{"id":256160,"href":"https:\/\/www.cfta-alec.ca\/fr\/wp-json\/wp\/v2\/pages\/238290\/revisions\/256160"}],"wp:attachment":[{"href":"https:\/\/www.cfta-alec.ca\/fr\/wp-json\/wp\/v2\/media?parent=238290"}],"curies":[{"name":"wp","href":"https:\/\/api.w.org\/{rel}","templated":true}]}}