{"id":238251,"date":"2024-04-02T10:54:36","date_gmt":"2024-04-02T15:54:36","guid":{"rendered":"https:\/\/www.cfta-alec.ca\/committee-on-internal-trade-french\/"},"modified":"2026-03-30T12:40:27","modified_gmt":"2026-03-30T17:40:27","slug":"comite-du-commerce-interieur","status":"publish","type":"page","link":"https:\/\/www.cfta-alec.ca\/fr\/contactez-nous\/comite-du-commerce-interieur","title":{"rendered":"Comit\u00e9 du Commerce Int\u00e9rieur"},"content":{"rendered":"<div id=\"cs-content\" class=\"cs-content\"><\/div>\n","protected":false},"excerpt":{"rendered":"<p>Comit&eacute; du commerce int&eacute;rieurLe Comit\u00e9 du commerce int\u00e9rieur (CCI) est responsable de la mise en \u0153uvre de l\u2019ALEC et est compos\u00e9 des ministres responsables du commerce int\u00e9rieur de chaque Partie. Le CCI se r\u00e9unit chaque ann\u00e9e pour examiner les progr\u00e8s accomplis et donner des orientations sur l\u2019ALEC sur la base d\u2019un consensus. La pr\u00e9sidence du CCI est assur\u00e9e par rotation &#8230; <a href=\"https:\/\/www.cfta-alec.ca\/fr\/contactez-nous\/comite-du-commerce-interieur\" class=\"more-link\">Read More<\/a><\/p>\n","protected":false},"author":1,"featured_media":0,"parent":271,"menu_order":0,"comment_status":"closed","ping_status":"closed","template":"template-blank-4.php","meta":{"_acf_changed":false,"footnotes":""},"class_list":["post-238251","page","type-page","status-publish","hentry","no-post-thumbnail"],"acf":[],"_links":{"self":[{"href":"https:\/\/www.cfta-alec.ca\/fr\/wp-json\/wp\/v2\/pages\/238251"}],"collection":[{"href":"https:\/\/www.cfta-alec.ca\/fr\/wp-json\/wp\/v2\/pages"}],"about":[{"href":"https:\/\/www.cfta-alec.ca\/fr\/wp-json\/wp\/v2\/types\/page"}],"author":[{"embeddable":true,"href":"https:\/\/www.cfta-alec.ca\/fr\/wp-json\/wp\/v2\/users\/1"}],"replies":[{"embeddable":true,"href":"https:\/\/www.cfta-alec.ca\/fr\/wp-json\/wp\/v2\/comments?post=238251"}],"version-history":[{"count":52,"href":"https:\/\/www.cfta-alec.ca\/fr\/wp-json\/wp\/v2\/pages\/238251\/revisions"}],"predecessor-version":[{"id":256038,"href":"https:\/\/www.cfta-alec.ca\/fr\/wp-json\/wp\/v2\/pages\/238251\/revisions\/256038"}],"up":[{"embeddable":true,"href":"https:\/\/www.cfta-alec.ca\/fr\/wp-json\/wp\/v2\/pages\/271"}],"wp:attachment":[{"href":"https:\/\/www.cfta-alec.ca\/fr\/wp-json\/wp\/v2\/media?parent=238251"}],"curies":[{"name":"wp","href":"https:\/\/api.w.org\/{rel}","templated":true}]}}