{"id":238196,"date":"2024-04-01T15:13:15","date_gmt":"2024-04-01T20:13:15","guid":{"rendered":"https:\/\/www.cfta-alec.ca\/statistics-french\/"},"modified":"2025-04-30T00:09:46","modified_gmt":"2025-04-30T05:09:46","slug":"statistiques","status":"publish","type":"page","link":"https:\/\/www.cfta-alec.ca\/fr\/marches-publics\/statistiques","title":{"rendered":"Statistiques"},"content":{"rendered":"<div id=\"cs-content\" class=\"cs-content\"><\/div>\n","protected":false},"excerpt":{"rendered":"<p>Statistiques Les Parties \u00e0 l\u2019Accord de libre-\u00e9change canadien (ALEC) sont tenues de pr\u00e9senter chaque ann\u00e9e un rapport sur le nombre et la valeur totale des march\u00e9s couverts qu\u2019elle a adjug\u00e9s, ventil\u00e9s par type d\u2019entit\u00e9 contractante conform\u00e9ment \u00e0 l\u2019article 504.3 de l\u2019ALEC. 2023-2024 Alberta Canada Colombie-Britannique Nouveau-Bunswick Nunavut Qu\u00e9bec Saskatchewan 2022-2023 Alberta Canada Colombie-Britannique Nouveau-Brunswick Nunavut Qu\u00e9bec Saskatchewan Terre-Neuve-et-Labrador Yukon 2021-2022 &#8230; <a href=\"https:\/\/www.cfta-alec.ca\/fr\/marches-publics\/statistiques\" class=\"more-link\">Read More<\/a><\/p>\n","protected":false},"author":1,"featured_media":0,"parent":238019,"menu_order":0,"comment_status":"closed","ping_status":"closed","template":"template-blank-4.php","meta":{"_acf_changed":false,"footnotes":""},"class_list":["post-238196","page","type-page","status-publish","hentry","no-post-thumbnail"],"acf":[],"_links":{"self":[{"href":"https:\/\/www.cfta-alec.ca\/fr\/wp-json\/wp\/v2\/pages\/238196"}],"collection":[{"href":"https:\/\/www.cfta-alec.ca\/fr\/wp-json\/wp\/v2\/pages"}],"about":[{"href":"https:\/\/www.cfta-alec.ca\/fr\/wp-json\/wp\/v2\/types\/page"}],"author":[{"embeddable":true,"href":"https:\/\/www.cfta-alec.ca\/fr\/wp-json\/wp\/v2\/users\/1"}],"replies":[{"embeddable":true,"href":"https:\/\/www.cfta-alec.ca\/fr\/wp-json\/wp\/v2\/comments?post=238196"}],"version-history":[{"count":26,"href":"https:\/\/www.cfta-alec.ca\/fr\/wp-json\/wp\/v2\/pages\/238196\/revisions"}],"predecessor-version":[{"id":248047,"href":"https:\/\/www.cfta-alec.ca\/fr\/wp-json\/wp\/v2\/pages\/238196\/revisions\/248047"}],"up":[{"embeddable":true,"href":"https:\/\/www.cfta-alec.ca\/fr\/wp-json\/wp\/v2\/pages\/238019"}],"wp:attachment":[{"href":"https:\/\/www.cfta-alec.ca\/fr\/wp-json\/wp\/v2\/media?parent=238196"}],"curies":[{"name":"wp","href":"https:\/\/api.w.org\/{rel}","templated":true}]}}