{"id":238187,"date":"2024-04-01T15:09:01","date_gmt":"2024-04-01T20:09:01","guid":{"rendered":"https:\/\/www.cfta-alec.ca\/bid-review-french\/"},"modified":"2024-11-07T15:24:58","modified_gmt":"2024-11-07T21:24:58","slug":"evaluation-des-offres","status":"publish","type":"page","link":"https:\/\/www.cfta-alec.ca\/fr\/marches-publics\/evaluation-des-offres","title":{"rendered":"Evaluation des offres"},"content":{"rendered":"<div id=\"cs-content\" class=\"cs-content\"><\/div>\n","protected":false},"excerpt":{"rendered":"<p>\u00c9valuation des offresDans le cas d\u2019une plainte d\u00e9pos\u00e9e par un fournisseur all\u00e9guant qu\u2019il y a eu une violation ou un manquement de l\u2019adh\u00e9sion d\u2019une Partie aux proc\u00e9dures d\u2019examen des march\u00e9s d\u2019ALEC, un fournisseur peut contester l\u2019article 518, paragraphes 5 \u00e0 7 de l\u2019ALEC.Recours d\u00e9pos\u00e9s par les fournisseurs \u00ab\u00a0Il est m\u00e9nag\u00e9 \u00e0 chaque fournisseur un d\u00e9lai suffisant pour lui permettre de &#8230; <a href=\"https:\/\/www.cfta-alec.ca\/fr\/marches-publics\/evaluation-des-offres\" class=\"more-link\">Read More<\/a><\/p>\n","protected":false},"author":1,"featured_media":0,"parent":238019,"menu_order":0,"comment_status":"closed","ping_status":"closed","template":"template-blank-4.php","meta":{"_acf_changed":false,"footnotes":""},"class_list":["post-238187","page","type-page","status-publish","hentry","no-post-thumbnail"],"acf":[],"_links":{"self":[{"href":"https:\/\/www.cfta-alec.ca\/fr\/wp-json\/wp\/v2\/pages\/238187"}],"collection":[{"href":"https:\/\/www.cfta-alec.ca\/fr\/wp-json\/wp\/v2\/pages"}],"about":[{"href":"https:\/\/www.cfta-alec.ca\/fr\/wp-json\/wp\/v2\/types\/page"}],"author":[{"embeddable":true,"href":"https:\/\/www.cfta-alec.ca\/fr\/wp-json\/wp\/v2\/users\/1"}],"replies":[{"embeddable":true,"href":"https:\/\/www.cfta-alec.ca\/fr\/wp-json\/wp\/v2\/comments?post=238187"}],"version-history":[{"count":8,"href":"https:\/\/www.cfta-alec.ca\/fr\/wp-json\/wp\/v2\/pages\/238187\/revisions"}],"predecessor-version":[{"id":243814,"href":"https:\/\/www.cfta-alec.ca\/fr\/wp-json\/wp\/v2\/pages\/238187\/revisions\/243814"}],"up":[{"embeddable":true,"href":"https:\/\/www.cfta-alec.ca\/fr\/wp-json\/wp\/v2\/pages\/238019"}],"wp:attachment":[{"href":"https:\/\/www.cfta-alec.ca\/fr\/wp-json\/wp\/v2\/media?parent=238187"}],"curies":[{"name":"wp","href":"https:\/\/api.w.org\/{rel}","templated":true}]}}