{"id":238092,"date":"2024-03-12T15:24:15","date_gmt":"2024-03-12T20:24:15","guid":{"rendered":"https:\/\/www.cfta-alec.ca\/ontario-french\/"},"modified":"2026-03-30T10:42:24","modified_gmt":"2026-03-30T15:42:24","slug":"ontario-2","status":"publish","type":"page","link":"https:\/\/www.cfta-alec.ca\/fr\/marches-publics\/faire-affaires\/ontario-2","title":{"rendered":"Ontario (French)"},"content":{"rendered":"<div id=\"cs-content\" class=\"cs-content\"><\/div>\n","protected":false},"excerpt":{"rendered":"<p>Gouvernement de l&rsquo;OntarioFaire affaire avec le gouvernement de l&rsquo;Ontario. Veuillez visiter le portail\u00a0pour consulter les avis d\u2019appel d\u2019offres relatifs aux projets de march\u00e9s avec le gouvernement de l\u2019Ontario. Les avis d\u2019appel d\u2019offres relatifs \u00e0 des projets de march\u00e9 concernant des biens et des services pourraient aussi \u00eatre publi\u00e9s dans le Globe and Mail, et ceux qui ont trait aux projets &#8230; <a href=\"https:\/\/www.cfta-alec.ca\/fr\/marches-publics\/faire-affaires\/ontario-2\" class=\"more-link\">Read More<\/a><\/p>\n","protected":false},"author":1,"featured_media":0,"parent":238026,"menu_order":0,"comment_status":"closed","ping_status":"closed","template":"template-blank-4.php","meta":{"_acf_changed":false,"footnotes":""},"class_list":["post-238092","page","type-page","status-publish","hentry","no-post-thumbnail"],"acf":[],"_links":{"self":[{"href":"https:\/\/www.cfta-alec.ca\/fr\/wp-json\/wp\/v2\/pages\/238092"}],"collection":[{"href":"https:\/\/www.cfta-alec.ca\/fr\/wp-json\/wp\/v2\/pages"}],"about":[{"href":"https:\/\/www.cfta-alec.ca\/fr\/wp-json\/wp\/v2\/types\/page"}],"author":[{"embeddable":true,"href":"https:\/\/www.cfta-alec.ca\/fr\/wp-json\/wp\/v2\/users\/1"}],"replies":[{"embeddable":true,"href":"https:\/\/www.cfta-alec.ca\/fr\/wp-json\/wp\/v2\/comments?post=238092"}],"version-history":[{"count":9,"href":"https:\/\/www.cfta-alec.ca\/fr\/wp-json\/wp\/v2\/pages\/238092\/revisions"}],"predecessor-version":[{"id":256021,"href":"https:\/\/www.cfta-alec.ca\/fr\/wp-json\/wp\/v2\/pages\/238092\/revisions\/256021"}],"up":[{"embeddable":true,"href":"https:\/\/www.cfta-alec.ca\/fr\/wp-json\/wp\/v2\/pages\/238026"}],"wp:attachment":[{"href":"https:\/\/www.cfta-alec.ca\/fr\/wp-json\/wp\/v2\/media?parent=238092"}],"curies":[{"name":"wp","href":"https:\/\/api.w.org\/{rel}","templated":true}]}}