{"id":238083,"date":"2024-03-12T15:15:22","date_gmt":"2024-03-12T20:15:22","guid":{"rendered":"https:\/\/www.cfta-alec.ca\/quebec-french\/"},"modified":"2025-07-02T09:52:59","modified_gmt":"2025-07-02T14:52:59","slug":"quebec","status":"publish","type":"page","link":"https:\/\/www.cfta-alec.ca\/fr\/marches-publics\/faire-affaires\/quebec","title":{"rendered":"Qu\u00e9bec"},"content":{"rendered":"<div id=\"cs-content\" class=\"cs-content\"><\/div>\n","protected":false},"excerpt":{"rendered":"<p>Gouvernement du Qu\u00e9becFaire affaire avec le gouvernement du Qu\u00e9bec. Veuillez visiter le site\u00a0www.seao.ca\u00a0pour consulter les avis d\u2019appel d\u2019offres relatifs aux projets de march\u00e9s du gouvernement du Qu\u00e9bec. Pour de plus amples renseignements sur les r\u00e8gles relatives aux march\u00e9s publics veuillez visiter la section Faire affaire avec l\u2019\u00c9tat du site\u00a0www.tresor.gouv.qc.ca. Veuillez adresser vos demandes de renseignements ou vos plaintes \u00e0Nadine Gamache &#8230; <a href=\"https:\/\/www.cfta-alec.ca\/fr\/marches-publics\/faire-affaires\/quebec\" class=\"more-link\">Read More<\/a><\/p>\n","protected":false},"author":1,"featured_media":0,"parent":238026,"menu_order":0,"comment_status":"closed","ping_status":"closed","template":"template-blank-4.php","meta":{"_acf_changed":false,"footnotes":""},"class_list":["post-238083","page","type-page","status-publish","hentry","no-post-thumbnail"],"acf":[],"_links":{"self":[{"href":"https:\/\/www.cfta-alec.ca\/fr\/wp-json\/wp\/v2\/pages\/238083"}],"collection":[{"href":"https:\/\/www.cfta-alec.ca\/fr\/wp-json\/wp\/v2\/pages"}],"about":[{"href":"https:\/\/www.cfta-alec.ca\/fr\/wp-json\/wp\/v2\/types\/page"}],"author":[{"embeddable":true,"href":"https:\/\/www.cfta-alec.ca\/fr\/wp-json\/wp\/v2\/users\/1"}],"replies":[{"embeddable":true,"href":"https:\/\/www.cfta-alec.ca\/fr\/wp-json\/wp\/v2\/comments?post=238083"}],"version-history":[{"count":7,"href":"https:\/\/www.cfta-alec.ca\/fr\/wp-json\/wp\/v2\/pages\/238083\/revisions"}],"predecessor-version":[{"id":249401,"href":"https:\/\/www.cfta-alec.ca\/fr\/wp-json\/wp\/v2\/pages\/238083\/revisions\/249401"}],"up":[{"embeddable":true,"href":"https:\/\/www.cfta-alec.ca\/fr\/wp-json\/wp\/v2\/pages\/238026"}],"wp:attachment":[{"href":"https:\/\/www.cfta-alec.ca\/fr\/wp-json\/wp\/v2\/media?parent=238083"}],"curies":[{"name":"wp","href":"https:\/\/api.w.org\/{rel}","templated":true}]}}