{"id":238076,"date":"2024-03-12T15:08:30","date_gmt":"2024-03-12T20:08:30","guid":{"rendered":"https:\/\/www.cfta-alec.ca\/new-brunswick-french\/"},"modified":"2024-11-22T15:53:52","modified_gmt":"2024-11-22T21:53:52","slug":"new-brunswick","status":"publish","type":"page","link":"https:\/\/www.cfta-alec.ca\/fr\/marches-publics\/faire-affaires\/new-brunswick","title":{"rendered":"Nouveau-Brunswick"},"content":{"rendered":"<div id=\"cs-content\" class=\"cs-content\"><\/div>\n","protected":false},"excerpt":{"rendered":"<p>Gouvernement du Nouveau-BrunswickFaire affaire avec le gouvernement du Nouveau-Brunswick : Veuillez visiter le R\u00e9seau de possibilit\u00e9s d\u2019affaires du Nouveau-Brunswick (RPANB), sur le site\u00a0www.nbon-rpanb.gnb.ca, pour consulter les avis d\u2019appel d\u2019offres relatifs aux projets de march\u00e9 avec le gouvernement du Nouveau-Brunswick. Veuillez adresser vos demandes de renseignements ou vos plaintes \u00e0 :Anick Cormier Directrice, Politique de March\u00e9s Publique et Relations Communautiares Habilitation &#8230; <a href=\"https:\/\/www.cfta-alec.ca\/fr\/marches-publics\/faire-affaires\/new-brunswick\" class=\"more-link\">Read More<\/a><\/p>\n","protected":false},"author":1,"featured_media":0,"parent":238026,"menu_order":0,"comment_status":"closed","ping_status":"closed","template":"template-blank-4.php","meta":{"_acf_changed":false,"footnotes":""},"class_list":["post-238076","page","type-page","status-publish","hentry","no-post-thumbnail"],"acf":[],"_links":{"self":[{"href":"https:\/\/www.cfta-alec.ca\/fr\/wp-json\/wp\/v2\/pages\/238076"}],"collection":[{"href":"https:\/\/www.cfta-alec.ca\/fr\/wp-json\/wp\/v2\/pages"}],"about":[{"href":"https:\/\/www.cfta-alec.ca\/fr\/wp-json\/wp\/v2\/types\/page"}],"author":[{"embeddable":true,"href":"https:\/\/www.cfta-alec.ca\/fr\/wp-json\/wp\/v2\/users\/1"}],"replies":[{"embeddable":true,"href":"https:\/\/www.cfta-alec.ca\/fr\/wp-json\/wp\/v2\/comments?post=238076"}],"version-history":[{"count":6,"href":"https:\/\/www.cfta-alec.ca\/fr\/wp-json\/wp\/v2\/pages\/238076\/revisions"}],"predecessor-version":[{"id":244435,"href":"https:\/\/www.cfta-alec.ca\/fr\/wp-json\/wp\/v2\/pages\/238076\/revisions\/244435"}],"up":[{"embeddable":true,"href":"https:\/\/www.cfta-alec.ca\/fr\/wp-json\/wp\/v2\/pages\/238026"}],"wp:attachment":[{"href":"https:\/\/www.cfta-alec.ca\/fr\/wp-json\/wp\/v2\/media?parent=238076"}],"curies":[{"name":"wp","href":"https:\/\/api.w.org\/{rel}","templated":true}]}}