{"id":238054,"date":"2024-03-12T13:24:35","date_gmt":"2024-03-12T18:24:35","guid":{"rendered":"https:\/\/www.cfta-alec.ca\/nova-scotia-french\/"},"modified":"2024-11-22T15:57:10","modified_gmt":"2024-11-22T21:57:10","slug":"nova-scotia","status":"publish","type":"page","link":"https:\/\/www.cfta-alec.ca\/fr\/marches-publics\/faire-affaires\/nova-scotia","title":{"rendered":"Nouvelle-\u00c9cosse"},"content":{"rendered":"<div id=\"cs-content\" class=\"cs-content\"><\/div>\n","protected":false},"excerpt":{"rendered":"<p>Gouvernement de la Nouvelle-\u00c9cosseFaire affaire avec le gouvernement de la Nouvelle-\u00c9cosse Veuillez visiter le site\u00a0www.novascotia.ca\/tenders\u00a0pour consulter les avis d\u2019appel d\u2019offres relatifs aux projets de march\u00e9s avec le gouvernement de la Nouvelle-\u00c9cosse. Veuillez adresser vos demandes de renseignements ou vos plaintes \u00e0Chris Mitchell Chef du service des achats Minist\u00e8re de Service Nouvelle-\u00c9cosse et des Services internes Bureau 600 5161, rue George &#8230; <a href=\"https:\/\/www.cfta-alec.ca\/fr\/marches-publics\/faire-affaires\/nova-scotia\" class=\"more-link\">Read More<\/a><\/p>\n","protected":false},"author":1,"featured_media":0,"parent":238026,"menu_order":0,"comment_status":"closed","ping_status":"closed","template":"template-blank-4.php","meta":{"_acf_changed":false,"footnotes":""},"class_list":["post-238054","page","type-page","status-publish","hentry","no-post-thumbnail"],"acf":[],"_links":{"self":[{"href":"https:\/\/www.cfta-alec.ca\/fr\/wp-json\/wp\/v2\/pages\/238054"}],"collection":[{"href":"https:\/\/www.cfta-alec.ca\/fr\/wp-json\/wp\/v2\/pages"}],"about":[{"href":"https:\/\/www.cfta-alec.ca\/fr\/wp-json\/wp\/v2\/types\/page"}],"author":[{"embeddable":true,"href":"https:\/\/www.cfta-alec.ca\/fr\/wp-json\/wp\/v2\/users\/1"}],"replies":[{"embeddable":true,"href":"https:\/\/www.cfta-alec.ca\/fr\/wp-json\/wp\/v2\/comments?post=238054"}],"version-history":[{"count":8,"href":"https:\/\/www.cfta-alec.ca\/fr\/wp-json\/wp\/v2\/pages\/238054\/revisions"}],"predecessor-version":[{"id":244442,"href":"https:\/\/www.cfta-alec.ca\/fr\/wp-json\/wp\/v2\/pages\/238054\/revisions\/244442"}],"up":[{"embeddable":true,"href":"https:\/\/www.cfta-alec.ca\/fr\/wp-json\/wp\/v2\/pages\/238026"}],"wp:attachment":[{"href":"https:\/\/www.cfta-alec.ca\/fr\/wp-json\/wp\/v2\/media?parent=238054"}],"curies":[{"name":"wp","href":"https:\/\/api.w.org\/{rel}","templated":true}]}}