{"id":238026,"date":"2024-03-12T12:52:50","date_gmt":"2024-03-12T17:52:50","guid":{"rendered":"https:\/\/www.cfta-alec.ca\/doing-business-french\/"},"modified":"2025-07-02T09:54:40","modified_gmt":"2025-07-02T14:54:40","slug":"faire-affaires","status":"publish","type":"page","link":"https:\/\/www.cfta-alec.ca\/fr\/marches-publics\/faire-affaires","title":{"rendered":"Faire Affaires"},"content":{"rendered":"<div id=\"cs-content\" class=\"cs-content\"><\/div>\n","protected":false},"excerpt":{"rendered":"<p>Faire AffairesLes gouvernements f\u00e9d\u00e9ral, provinciaux et territoriaux affichent actuellement leurs avis d\u2019appels d\u2019offres sur leurs propres sites Web sur les march\u00e9s publics ou sur un syst\u00e8me \u00e9lectronique d\u2019appel d\u2019offres exploit\u00e9 par un tiers fournisseur de services. Veuillez choisir du menu ci-dessous pour apprendre davantage au sujet des possibilit\u00e9s de march\u00e9s publics pour chaque gouvernement : S\u00e9lectionnez-en un Canada (Gouvernement f\u00e9d\u00e9ral) &#8230; <a href=\"https:\/\/www.cfta-alec.ca\/fr\/marches-publics\/faire-affaires\" class=\"more-link\">Read More<\/a><\/p>\n","protected":false},"author":1,"featured_media":0,"parent":238019,"menu_order":0,"comment_status":"closed","ping_status":"closed","template":"template-blank-4.php","meta":{"_acf_changed":false,"footnotes":""},"class_list":["post-238026","page","type-page","status-publish","hentry","no-post-thumbnail"],"acf":[],"_links":{"self":[{"href":"https:\/\/www.cfta-alec.ca\/fr\/wp-json\/wp\/v2\/pages\/238026"}],"collection":[{"href":"https:\/\/www.cfta-alec.ca\/fr\/wp-json\/wp\/v2\/pages"}],"about":[{"href":"https:\/\/www.cfta-alec.ca\/fr\/wp-json\/wp\/v2\/types\/page"}],"author":[{"embeddable":true,"href":"https:\/\/www.cfta-alec.ca\/fr\/wp-json\/wp\/v2\/users\/1"}],"replies":[{"embeddable":true,"href":"https:\/\/www.cfta-alec.ca\/fr\/wp-json\/wp\/v2\/comments?post=238026"}],"version-history":[{"count":5,"href":"https:\/\/www.cfta-alec.ca\/fr\/wp-json\/wp\/v2\/pages\/238026\/revisions"}],"predecessor-version":[{"id":249402,"href":"https:\/\/www.cfta-alec.ca\/fr\/wp-json\/wp\/v2\/pages\/238026\/revisions\/249402"}],"up":[{"embeddable":true,"href":"https:\/\/www.cfta-alec.ca\/fr\/wp-json\/wp\/v2\/pages\/238019"}],"wp:attachment":[{"href":"https:\/\/www.cfta-alec.ca\/fr\/wp-json\/wp\/v2\/media?parent=238026"}],"curies":[{"name":"wp","href":"https:\/\/api.w.org\/{rel}","templated":true}]}}