{"id":238019,"date":"2024-03-12T10:11:42","date_gmt":"2024-03-12T15:11:42","guid":{"rendered":"https:\/\/www.cfta-alec.ca\/procurement-french\/"},"modified":"2024-08-15T13:02:03","modified_gmt":"2024-08-15T18:02:03","slug":"marches-publics","status":"publish","type":"page","link":"https:\/\/www.cfta-alec.ca\/fr\/marches-publics","title":{"rendered":"March\u00e9s publics"},"content":{"rendered":"<div id=\"cs-content\" class=\"cs-content\"><\/div>\n","protected":false},"excerpt":{"rendered":"<p>March\u00e9s publicsL\u2019Accord de libre-\u00e9change canadien est un accord intergouvernemental commercial sign\u00e9 par les ministres canadiens et qui est entr\u00e9 en vigueur le 1er juillet 2017. L&rsquo;objectif du chapitre cinq de l&rsquo;Accord de libre-&eacute;change canadien est d&rsquo;&eacute;tablir un cadre transparent et efficient afin d&rsquo;assurer &agrave; tous les fournisseurs canadiens un acc&egrave;s ouvert et &eacute;quitable aux possibilit&eacute;s de passation de march&eacute;s publics. &#8230; <a href=\"https:\/\/www.cfta-alec.ca\/fr\/marches-publics\" class=\"more-link\">Read More<\/a><\/p>\n","protected":false},"author":1,"featured_media":0,"parent":0,"menu_order":0,"comment_status":"closed","ping_status":"closed","template":"template-blank-4.php","meta":{"_acf_changed":false,"footnotes":""},"class_list":["post-238019","page","type-page","status-publish","hentry","no-post-thumbnail"],"acf":[],"_links":{"self":[{"href":"https:\/\/www.cfta-alec.ca\/fr\/wp-json\/wp\/v2\/pages\/238019"}],"collection":[{"href":"https:\/\/www.cfta-alec.ca\/fr\/wp-json\/wp\/v2\/pages"}],"about":[{"href":"https:\/\/www.cfta-alec.ca\/fr\/wp-json\/wp\/v2\/types\/page"}],"author":[{"embeddable":true,"href":"https:\/\/www.cfta-alec.ca\/fr\/wp-json\/wp\/v2\/users\/1"}],"replies":[{"embeddable":true,"href":"https:\/\/www.cfta-alec.ca\/fr\/wp-json\/wp\/v2\/comments?post=238019"}],"version-history":[{"count":7,"href":"https:\/\/www.cfta-alec.ca\/fr\/wp-json\/wp\/v2\/pages\/238019\/revisions"}],"predecessor-version":[{"id":239471,"href":"https:\/\/www.cfta-alec.ca\/fr\/wp-json\/wp\/v2\/pages\/238019\/revisions\/239471"}],"wp:attachment":[{"href":"https:\/\/www.cfta-alec.ca\/fr\/wp-json\/wp\/v2\/media?parent=238019"}],"curies":[{"name":"wp","href":"https:\/\/api.w.org\/{rel}","templated":true}]}}