{"id":238007,"date":"2024-03-12T09:46:02","date_gmt":"2024-03-12T14:46:02","guid":{"rendered":"https:\/\/www.cfta-alec.ca\/labour-mobility-french\/"},"modified":"2024-09-19T14:14:14","modified_gmt":"2024-09-19T19:14:14","slug":"mobilite-de-la-main-doeuvre","status":"publish","type":"page","link":"https:\/\/www.cfta-alec.ca\/fr\/mobilite-de-la-main-doeuvre","title":{"rendered":"Mobilit\u00e9 de la main-d\u2019oeuvre"},"content":{"rendered":"<div id=\"cs-content\" class=\"cs-content\"><\/div>\n","protected":false},"excerpt":{"rendered":"<p>Mobilit\u00e9 de la main-d\u2019oeuvreChaque ann\u00e9e, des milliers de Canadiens se d\u00e9placent d\u2019une province ou d\u2019un territoire \u00e0 l\u2019autre. L\u2019expression \u00ab mobilit\u00e9 de la main-d\u2019\u0153uvre \u00bb signifie la capacit\u00e9 des travailleurs accr\u00e9dit\u00e9s de pratiquer leur m\u00e9tier ou leur profession r\u00e9glement\u00e9e dans l\u2019ensemble du Canada, partout o\u00f9 il existe des possibilit\u00e9s d\u2019emploi. Visitez le site Web sur la mobilit\u00e9 de la main-d&rsquo;\u0153uvreL\u2019Accord &#8230; <a href=\"https:\/\/www.cfta-alec.ca\/fr\/mobilite-de-la-main-doeuvre\" class=\"more-link\">Read More<\/a><\/p>\n","protected":false},"author":1,"featured_media":0,"parent":0,"menu_order":0,"comment_status":"closed","ping_status":"closed","template":"template-blank-4.php","meta":{"_acf_changed":false,"footnotes":""},"class_list":["post-238007","page","type-page","status-publish","hentry","no-post-thumbnail"],"acf":[],"_links":{"self":[{"href":"https:\/\/www.cfta-alec.ca\/fr\/wp-json\/wp\/v2\/pages\/238007"}],"collection":[{"href":"https:\/\/www.cfta-alec.ca\/fr\/wp-json\/wp\/v2\/pages"}],"about":[{"href":"https:\/\/www.cfta-alec.ca\/fr\/wp-json\/wp\/v2\/types\/page"}],"author":[{"embeddable":true,"href":"https:\/\/www.cfta-alec.ca\/fr\/wp-json\/wp\/v2\/users\/1"}],"replies":[{"embeddable":true,"href":"https:\/\/www.cfta-alec.ca\/fr\/wp-json\/wp\/v2\/comments?post=238007"}],"version-history":[{"count":7,"href":"https:\/\/www.cfta-alec.ca\/fr\/wp-json\/wp\/v2\/pages\/238007\/revisions"}],"predecessor-version":[{"id":239165,"href":"https:\/\/www.cfta-alec.ca\/fr\/wp-json\/wp\/v2\/pages\/238007\/revisions\/239165"}],"wp:attachment":[{"href":"https:\/\/www.cfta-alec.ca\/fr\/wp-json\/wp\/v2\/media?parent=238007"}],"curies":[{"name":"wp","href":"https:\/\/api.w.org\/{rel}","templated":true}]}}