{"id":238001,"date":"2024-03-12T09:41:29","date_gmt":"2024-03-12T14:41:29","guid":{"rendered":"https:\/\/www.cfta-alec.ca\/trade-in-alcoholic-beverages-french\/"},"modified":"2025-12-22T15:11:43","modified_gmt":"2025-12-22T21:11:43","slug":"commerce-des-boissons-alcoolisees","status":"publish","type":"page","link":"https:\/\/www.cfta-alec.ca\/fr\/commerce-des-boissons-alcoolisees","title":{"rendered":"Commerce des boissons alcoolis\u00e9es"},"content":{"rendered":"<div id=\"cs-content\" class=\"cs-content\"><\/div>\n","protected":false},"excerpt":{"rendered":"<p>Commerce des boissons alcoolis\u00e9esPour obtenir des renseignements sur les syst\u00e8mes de vente au d\u00e9tail et de distribution d\u2019alcool canadiens, veuillez consulter : Protocole d&rsquo;entente sur la vente directe d\u2019alcool aux consommateursAu total, onze provinces et territoires ont sign\u00e9 un protocole d\u2019entente dans lequel ils s\u2019engagent \u00e0 faire progresser la vente directe d\u2019alcool aux consommateurs pour permettre de commander leur vin, &#8230; <a href=\"https:\/\/www.cfta-alec.ca\/fr\/commerce-des-boissons-alcoolisees\" class=\"more-link\">Read More<\/a><\/p>\n","protected":false},"author":1,"featured_media":0,"parent":0,"menu_order":0,"comment_status":"closed","ping_status":"closed","template":"template-blank-4.php","meta":{"_acf_changed":false,"footnotes":""},"class_list":["post-238001","page","type-page","status-publish","hentry","no-post-thumbnail"],"acf":[],"_links":{"self":[{"href":"https:\/\/www.cfta-alec.ca\/fr\/wp-json\/wp\/v2\/pages\/238001"}],"collection":[{"href":"https:\/\/www.cfta-alec.ca\/fr\/wp-json\/wp\/v2\/pages"}],"about":[{"href":"https:\/\/www.cfta-alec.ca\/fr\/wp-json\/wp\/v2\/types\/page"}],"author":[{"embeddable":true,"href":"https:\/\/www.cfta-alec.ca\/fr\/wp-json\/wp\/v2\/users\/1"}],"replies":[{"embeddable":true,"href":"https:\/\/www.cfta-alec.ca\/fr\/wp-json\/wp\/v2\/comments?post=238001"}],"version-history":[{"count":13,"href":"https:\/\/www.cfta-alec.ca\/fr\/wp-json\/wp\/v2\/pages\/238001\/revisions"}],"predecessor-version":[{"id":254271,"href":"https:\/\/www.cfta-alec.ca\/fr\/wp-json\/wp\/v2\/pages\/238001\/revisions\/254271"}],"wp:attachment":[{"href":"https:\/\/www.cfta-alec.ca\/fr\/wp-json\/wp\/v2\/media?parent=238001"}],"curies":[{"name":"wp","href":"https:\/\/api.w.org\/{rel}","templated":true}]}}